{"id":30,"date":"2022-08-10T09:36:33","date_gmt":"2022-08-10T09:36:33","guid":{"rendered":"https:\/\/sarahazur.fr\/index.php\/pricing\/"},"modified":"2026-04-04T09:28:53","modified_gmt":"2026-04-04T09:28:53","slug":"a-propos-de-nous","status":"publish","type":"page","link":"https:\/\/sarahazur.fr\/index.php\/a-propos-de-nous\/","title":{"rendered":"\u00c0 propos de nous"},"content":{"rendered":"\t\t<div data-elementor-type=\"wp-page\" data-elementor-id=\"30\" class=\"elementor elementor-30\" data-elementor-settings=\"{&quot;element_pack_global_tooltip_width&quot;:{&quot;unit&quot;:&quot;px&quot;,&quot;size&quot;:&quot;&quot;,&quot;sizes&quot;:[]},&quot;element_pack_global_tooltip_width_tablet&quot;:{&quot;unit&quot;:&quot;px&quot;,&quot;size&quot;:&quot;&quot;,&quot;sizes&quot;:[]},&quot;element_pack_global_tooltip_width_mobile&quot;:{&quot;unit&quot;:&quot;px&quot;,&quot;size&quot;:&quot;&quot;,&quot;sizes&quot;:[]},&quot;element_pack_global_tooltip_padding&quot;:{&quot;unit&quot;:&quot;px&quot;,&quot;top&quot;:&quot;&quot;,&quot;right&quot;:&quot;&quot;,&quot;bottom&quot;:&quot;&quot;,&quot;left&quot;:&quot;&quot;,&quot;isLinked&quot;:true},&quot;element_pack_global_tooltip_padding_tablet&quot;:{&quot;unit&quot;:&quot;px&quot;,&quot;top&quot;:&quot;&quot;,&quot;right&quot;:&quot;&quot;,&quot;bottom&quot;:&quot;&quot;,&quot;left&quot;:&quot;&quot;,&quot;isLinked&quot;:true},&quot;element_pack_global_tooltip_padding_mobile&quot;:{&quot;unit&quot;:&quot;px&quot;,&quot;top&quot;:&quot;&quot;,&quot;right&quot;:&quot;&quot;,&quot;bottom&quot;:&quot;&quot;,&quot;left&quot;:&quot;&quot;,&quot;isLinked&quot;:true},&quot;element_pack_global_tooltip_border_radius&quot;:{&quot;unit&quot;:&quot;px&quot;,&quot;top&quot;:&quot;&quot;,&quot;right&quot;:&quot;&quot;,&quot;bottom&quot;:&quot;&quot;,&quot;left&quot;:&quot;&quot;,&quot;isLinked&quot;:true},&quot;element_pack_global_tooltip_border_radius_tablet&quot;:{&quot;unit&quot;:&quot;px&quot;,&quot;top&quot;:&quot;&quot;,&quot;right&quot;:&quot;&quot;,&quot;bottom&quot;:&quot;&quot;,&quot;left&quot;:&quot;&quot;,&quot;isLinked&quot;:true},&quot;element_pack_global_tooltip_border_radius_mobile&quot;:{&quot;unit&quot;:&quot;px&quot;,&quot;top&quot;:&quot;&quot;,&quot;right&quot;:&quot;&quot;,&quot;bottom&quot;:&quot;&quot;,&quot;left&quot;:&quot;&quot;,&quot;isLinked&quot;:true}}\">\n\t\t\t\t\t\t<div class=\"elementor-section elementor-top-section elementor-element elementor-element-5f18c8e elementor-section-boxed elementor-section-height-default elementor-section-height-default\" data-id=\"5f18c8e\" data-element_type=\"section\" data-e-type=\"section\" data-settings=\"{&quot;background_background&quot;:&quot;classic&quot;}\">\n\t\t\t\t\t\t\t<div class=\"elementor-background-overlay\"><\/div>\n\t\t\t\t\t\t\t<div class=\"elementor-container elementor-column-gap-default\">\n\t\t\t\t\t<div class=\"elementor-column elementor-col-100 elementor-top-column elementor-element elementor-element-8f08df0\" data-id=\"8f08df0\" data-element_type=\"column\" data-e-type=\"column\">\n\t\t\t<div class=\"elementor-widget-wrap elementor-element-populated\">\n\t\t\t\t\t\t<div class=\"elementor-element elementor-element-2a54314 elementor-shape-circle elementor-widget__width-auto elementor-fixed ui-float-widget  ui-float-l elementor-grid-0 e-grid-align-center elementor-widget elementor-widget-social-icons\" data-id=\"2a54314\" data-element_type=\"widget\" data-e-type=\"widget\" data-settings=\"{&quot;_position&quot;:&quot;fixed&quot;}\" data-widget_type=\"social-icons.default\">\n\t\t\t\t\t\t\t<div class=\"elementor-social-icons-wrapper elementor-grid\">\n\t\t\t\t\t\t\t<span class=\"elementor-grid-item\">\n\t\t\t\t\t<a class=\"elementor-icon elementor-social-icon elementor-social-icon-facebook elementor-repeater-item-2077052\" href=\"https:\/\/www.facebook.com\/profile.php?id=61582681295890\" target=\"_blank\">\n\t\t\t\t\t\t<span class=\"elementor-screen-only\">Facebook<\/span>\n\t\t\t\t\t\t<svg aria-hidden=\"true\" class=\"e-font-icon-svg e-fab-facebook\" viewBox=\"0 0 512 512\" xmlns=\"http:\/\/www.w3.org\/2000\/svg\"><path d=\"M504 256C504 119 393 8 256 8S8 119 8 256c0 123.78 90.69 226.38 209.25 245V327.69h-63V256h63v-54.64c0-62.15 37-96.48 93.67-96.48 27.14 0 55.52 4.84 55.52 4.84v61h-31.28c-30.8 0-40.41 19.12-40.41 38.73V256h68.78l-11 71.69h-57.78V501C413.31 482.38 504 379.78 504 256z\"><\/path><\/svg>\t\t\t\t\t<\/a>\n\t\t\t\t<\/span>\n\t\t\t\t\t<\/div>\n\t\t\t\t\t\t<\/div>\n\t\t\t\t<div class=\"elementor-element elementor-element-7bee2d5 animated-slow elementor-widget__width-initial elementor-widget-tablet__width-initial elementor-widget-mobile__width-inherit  ui-split-animate ui-splitby-chars elementor-invisible elementor-widget elementor-widget-heading\" data-id=\"7bee2d5\" data-element_type=\"widget\" data-e-type=\"widget\" data-settings=\"{&quot;_animation&quot;:&quot;fadeIn&quot;,&quot;ui_animate_split&quot;:&quot;ui-split-animate&quot;,&quot;ui_animate_split_by&quot;:&quot;chars&quot;,&quot;ui_animate_split_style&quot;:&quot;fadeInUp&quot;}\" data-widget_type=\"heading.default\">\n\t\t\t\t\t<h1 class=\"elementor-heading-title elementor-size-default\"><h1 style=\"font-size: 48px;font-weight: 700;margin: 0\">\n  Votre <span style=\"color: #0095D9\">immeuble<\/span> , notre <span style=\"color: #0095D9\">priorit\u00e9<\/span>\n<\/h1><\/h1>\t\t\t\t<\/div>\n\t\t\t\t<div class=\"elementor-element elementor-element-8fd74ec elementor-widget__width-initial elementor-widget-tablet__width-initial elementor-widget-mobile__width-inherit animated-slow elementor-invisible elementor-widget elementor-widget-text-editor\" data-id=\"8fd74ec\" data-element_type=\"widget\" data-e-type=\"widget\" data-settings=\"{&quot;_animation&quot;:&quot;fadeInUp&quot;,&quot;_animation_delay&quot;:1000}\" data-widget_type=\"text-editor.default\">\n\t\t\t\t\t\t\t\t\t<p class=\"p1\"><span class=\"s1\">Chez <\/span><span class=\"s2\">SarahAzur<\/span><span class=\"s1\">, nous accompagnons les professionnels, propri\u00e9taires et gestionnaires dans l\u2019entretien et la gestion compl\u00e8te de leurs biens immobiliers.<\/span><\/p><p class=\"p1\"><span class=\"s1\">Notre mission est simple :<\/span><\/p><p class=\"p1\"><span class=\"s1\">Offrir un service fiable, structur\u00e9 et de qualit\u00e9 pour garantir la propret\u00e9, la valeur et la s\u00e9r\u00e9nit\u00e9 de vos espaces.<\/span><\/p>\t\t\t\t\t\t\t\t<\/div>\n\t\t\t\t<section class=\"elementor-section elementor-inner-section elementor-element elementor-element-5d6b650 animated-slow elementor-section-boxed elementor-section-height-default elementor-section-height-default elementor-invisible\" data-id=\"5d6b650\" data-element_type=\"section\" data-e-type=\"section\" data-settings=\"{&quot;background_background&quot;:&quot;classic&quot;,&quot;animation&quot;:&quot;fadeInUp&quot;,&quot;animation_delay&quot;:500}\">\n\t\t\t\t\t\t<div class=\"elementor-container elementor-column-gap-default\">\n\t\t\t\t\t<div class=\"elementor-column elementor-col-33 elementor-inner-column elementor-element elementor-element-b0815f5\" data-id=\"b0815f5\" data-element_type=\"column\" data-e-type=\"column\">\n\t\t\t<div class=\"elementor-widget-wrap elementor-element-populated\">\n\t\t\t\t\t\t<div class=\"elementor-element elementor-element-5840cca elementor-widget__width-auto elementor-widget elementor-widget-heading\" data-id=\"5840cca\" data-element_type=\"widget\" data-e-type=\"widget\" data-widget_type=\"heading.default\">\n\t\t\t\t\t<h3 class=\"elementor-heading-title elementor-size-default\"><h2 style=\"font-size: 32px;font-weight: 700;margin: 0\">\n  <span style=\"color: #FFFF\">Notre<\/span> <span style=\"color: #0095D9\">Sp\u00e9cialit\u00e9 <\/span> <span style=\"color: #FFFF\"> ,la gestion compl\u00e8te<\/span>\n<\/h2><\/h3>\t\t\t\t<\/div>\n\t\t\t\t<div class=\"elementor-element elementor-element-8da6eb6 elementor-widget elementor-widget-spacer\" data-id=\"8da6eb6\" data-element_type=\"widget\" data-e-type=\"widget\" data-widget_type=\"spacer.default\">\n\t\t\t\t\t\t\t<div class=\"elementor-spacer\">\n\t\t\t<div class=\"elementor-spacer-inner\"><\/div>\n\t\t<\/div>\n\t\t\t\t\t\t<\/div>\n\t\t\t\t<div class=\"elementor-element elementor-element-fd53df5 elementor-widget elementor-widget-text-editor\" data-id=\"fd53df5\" data-element_type=\"widget\" data-e-type=\"widget\" data-widget_type=\"text-editor.default\">\n\t\t\t\t\t\t\t\t\t<p class=\"p1\"><span class=\"s1\">Nous ne sommes pas seulement une entreprise de nettoyage.<\/span><\/p><p class=\"p1\"><span class=\"s1\">Nous sommes sp\u00e9cialis\u00e9s dans :<\/span><\/p><ul><li><p class=\"p1\"><span class=\"s1\">L\u2019entretien r\u00e9gulier d\u2019immeubles et r\u00e9sidences<\/span><\/p><\/li><li><p class=\"p1\"><span class=\"s1\">La gestion de bureaux et locaux professionnels<\/span><\/p><\/li><li><p class=\"p1\"><span class=\"s1\">La gestion Airbnb et locations courte dur\u00e9e<\/span><\/p><\/li><li><p class=\"p1\"><span class=\"s1\">Le suivi organisationnel et op\u00e9rationnel de vos biens<\/span><\/p><\/li><\/ul><p class=\"p1\">\u00a0<\/p>\t\t\t\t\t\t\t\t<\/div>\n\t\t\t\t<div class=\"elementor-element elementor-element-ba2351e elementor-widget elementor-widget-image\" data-id=\"ba2351e\" data-element_type=\"widget\" data-e-type=\"widget\" data-widget_type=\"image.default\">\n\t\t\t\t\t\t\t\t\t\t\t\t\t\t\t<img fetchpriority=\"high\" decoding=\"async\" width=\"864\" height=\"1536\" src=\"https:\/\/sarahazur.fr\/wp-content\/uploads\/2026\/03\/20251028_134225-864x1536.jpg\" class=\"attachment-1536x1536 size-1536x1536 wp-image-198\" alt=\"\" \/>\t\t\t\t\t\t\t\t\t\t\t\t\t\t\t<\/div>\n\t\t\t\t\t<\/div>\n\t\t<\/div>\n\t\t\t\t<div class=\"elementor-column elementor-col-33 elementor-inner-column elementor-element elementor-element-9f89be7\" data-id=\"9f89be7\" data-element_type=\"column\" data-e-type=\"column\">\n\t\t\t<div class=\"elementor-widget-wrap elementor-element-populated\">\n\t\t\t\t\t\t<div class=\"elementor-element elementor-element-07765b9 elementor-widget__width-auto elementor-widget elementor-widget-heading\" data-id=\"07765b9\" data-element_type=\"widget\" data-e-type=\"widget\" data-widget_type=\"heading.default\">\n\t\t\t\t\t<h3 class=\"elementor-heading-title elementor-size-default\"><h2 style=\"font-size: 32px;font-weight: 700;margin: 0\">\n  <span style=\"color: #FFFF\">Un service <\/span><span style=\"color: #0095D9\">Global<\/span>\n<\/h2><\/h3>\t\t\t\t<\/div>\n\t\t\t\t<div class=\"elementor-element elementor-element-9a6d880 elementor-widget elementor-widget-spacer\" data-id=\"9a6d880\" data-element_type=\"widget\" data-e-type=\"widget\" data-widget_type=\"spacer.default\">\n\t\t\t\t\t\t\t<div class=\"elementor-spacer\">\n\t\t\t<div class=\"elementor-spacer-inner\"><\/div>\n\t\t<\/div>\n\t\t\t\t\t\t<\/div>\n\t\t\t\t<div class=\"elementor-element elementor-element-ae7e0a9 elementor-widget elementor-widget-text-editor\" data-id=\"ae7e0a9\" data-element_type=\"widget\" data-e-type=\"widget\" data-widget_type=\"text-editor.default\">\n\t\t\t\t\t\t\t\t\t<p class=\"p1\"><span class=\"s1\">De la remise de cl\u00e9s \u00e0 la gestion du linge,<\/span><\/p><p class=\"p1\"><span class=\"s1\">du nettoyage apr\u00e8s travaux \u00e0 la remise en \u00e9tat apr\u00e8s locataire,<\/span><\/p><p class=\"p1\"><span class=\"s1\">nous prenons en charge l\u2019ensemble des besoins li\u00e9s \u00e0 votre bien.<\/span><\/p><ul><li class=\"p1\"><span class=\"s1\">Un seul interlocuteur.<\/span><\/li><li class=\"p1\"><span class=\"s1\">Une organisation claire.<\/span><\/li><li class=\"p1\"><span class=\"s1\">Un r\u00e9sultat professionnel.<\/span><\/li><\/ul>\t\t\t\t\t\t\t\t<\/div>\n\t\t\t\t<div class=\"elementor-element elementor-element-ff5a2c2 elementor-widget elementor-widget-image\" data-id=\"ff5a2c2\" data-element_type=\"widget\" data-e-type=\"widget\" data-widget_type=\"image.default\">\n\t\t\t\t\t\t\t\t\t\t\t\t\t\t\t<img decoding=\"async\" width=\"864\" height=\"1536\" src=\"https:\/\/sarahazur.fr\/wp-content\/uploads\/2026\/03\/20251203_090723-864x1536.jpg\" class=\"attachment-1536x1536 size-1536x1536 wp-image-203\" alt=\"\" \/>\t\t\t\t\t\t\t\t\t\t\t\t\t\t\t<\/div>\n\t\t\t\t\t<\/div>\n\t\t<\/div>\n\t\t\t\t<div class=\"elementor-column elementor-col-33 elementor-inner-column elementor-element elementor-element-c3deafc\" data-id=\"c3deafc\" data-element_type=\"column\" data-e-type=\"column\">\n\t\t\t<div class=\"elementor-widget-wrap elementor-element-populated\">\n\t\t\t\t\t\t<div class=\"elementor-element elementor-element-fe43f82 elementor-widget__width-auto elementor-widget elementor-widget-heading\" data-id=\"fe43f82\" data-element_type=\"widget\" data-e-type=\"widget\" data-widget_type=\"heading.default\">\n\t\t\t\t\t<h3 class=\"elementor-heading-title elementor-size-default\"><h2 style=\"font-size: 32px;font-weight: 700;margin: 0\">\n   <span style=\"color: #FFFF\">Notre<\/span>  <span style=\"color: #0095D9\">Engagement<\/span>\n<\/h2><\/h3>\t\t\t\t<\/div>\n\t\t\t\t<div class=\"elementor-element elementor-element-d22c9db elementor-widget elementor-widget-spacer\" data-id=\"d22c9db\" data-element_type=\"widget\" data-e-type=\"widget\" data-widget_type=\"spacer.default\">\n\t\t\t\t\t\t\t<div class=\"elementor-spacer\">\n\t\t\t<div class=\"elementor-spacer-inner\"><\/div>\n\t\t<\/div>\n\t\t\t\t\t\t<\/div>\n\t\t\t\t<div class=\"elementor-element elementor-element-e0174a7 elementor-widget elementor-widget-text-editor\" data-id=\"e0174a7\" data-element_type=\"widget\" data-e-type=\"widget\" data-widget_type=\"text-editor.default\">\n\t\t\t\t\t\t\t\t\t<p>Notre objectif est de construire une relation durable avec chacun de nos clients.<\/p><ul><li><p class=\"p1\"><span class=\"s1\">R\u00e9activit\u00e9<\/span><\/p><\/li><li><p class=\"p1\"><span class=\"s1\">Personnel qualifi\u00e9<\/span><\/p><\/li><li><p class=\"p1\"><span class=\"s1\">Discr\u00e9tion<\/span><\/p><\/li><li><p class=\"p1\"><span class=\"s1\">Respect des normes d\u2019hygi\u00e8ne<\/span><\/p><\/li><li><p class=\"p1\"><span class=\"s1\">Suivi r\u00e9gulier et transparent<\/span><\/p><\/li><\/ul>\t\t\t\t\t\t\t\t<\/div>\n\t\t\t\t<div class=\"elementor-element elementor-element-6d6d2b6 elementor-widget elementor-widget-image\" data-id=\"6d6d2b6\" data-element_type=\"widget\" data-e-type=\"widget\" data-widget_type=\"image.default\">\n\t\t\t\t\t\t\t\t\t\t\t\t\t\t\t<img decoding=\"async\" width=\"1032\" height=\"1501\" src=\"https:\/\/sarahazur.fr\/wp-content\/uploads\/2026\/03\/20251125_154126.jpg\" class=\"attachment-1536x1536 size-1536x1536 wp-image-199\" alt=\"\" srcset=\"https:\/\/sarahazur.fr\/wp-content\/uploads\/2026\/03\/20251125_154126.jpg 1032w, https:\/\/sarahazur.fr\/wp-content\/uploads\/2026\/03\/20251125_154126-206x300.jpg 206w, https:\/\/sarahazur.fr\/wp-content\/uploads\/2026\/03\/20251125_154126-704x1024.jpg 704w, https:\/\/sarahazur.fr\/wp-content\/uploads\/2026\/03\/20251125_154126-768x1117.jpg 768w, https:\/\/sarahazur.fr\/wp-content\/uploads\/2026\/03\/20251125_154126-447x650.jpg 447w\" sizes=\"(max-width: 1032px) 100vw, 1032px\" \/>\t\t\t\t\t\t\t\t\t\t\t\t\t\t\t<\/div>\n\t\t\t\t\t<\/div>\n\t\t<\/div>\n\t\t\t\t\t<\/div>\n\t\t<\/section>\n\t\t\t\t<div class=\"elementor-element elementor-element-75eafc2 elementor-widget elementor-widget-spacer\" data-id=\"75eafc2\" data-element_type=\"widget\" data-e-type=\"widget\" data-widget_type=\"spacer.default\">\n\t\t\t\t\t\t\t<div class=\"elementor-spacer\">\n\t\t\t<div class=\"elementor-spacer-inner\"><\/div>\n\t\t<\/div>\n\t\t\t\t\t\t<\/div>\n\t\t\t\t\t<\/div>\n\t\t<\/div>\n\t\t\t\t\t<\/div>\n\t\t<\/div>\n\t\t\t\t<div class=\"elementor-section elementor-top-section elementor-element elementor-element-f0ebcd9 elementor-section-boxed elementor-section-height-default elementor-section-height-default\" data-id=\"f0ebcd9\" data-element_type=\"section\" data-e-type=\"section\">\n\t\t\t\t\t\t<div class=\"elementor-container elementor-column-gap-default\">\n\t\t\t\t\t<div class=\"elementor-column elementor-col-100 elementor-top-column elementor-element elementor-element-be55a12\" data-id=\"be55a12\" data-element_type=\"column\" data-e-type=\"column\">\n\t\t\t<div class=\"elementor-widget-wrap elementor-element-populated\">\n\t\t\t\t\t\t<div class=\"elementor-element elementor-element-bfa4bbe  ui-split-animate ui-splitby-chars elementor-widget elementor-widget-heading\" data-id=\"bfa4bbe\" data-element_type=\"widget\" data-e-type=\"widget\" data-settings=\"{&quot;ui_animate_split&quot;:&quot;ui-split-animate&quot;,&quot;ui_animate_split_by&quot;:&quot;chars&quot;,&quot;ui_animate_split_style&quot;:&quot;fadeInUp&quot;}\" data-widget_type=\"heading.default\">\n\t\t\t\t\t<h2 class=\"elementor-heading-title elementor-size-default\"><h2 style=\"font-size: 42px;font-weight: 700;margin: 0\">\n  Pourquoi nous faire <span style=\"color: #0095D9\">confiance<\/span> ?\n<\/h2><\/h2>\t\t\t\t<\/div>\n\t\t\t\t<div class=\"elementor-element elementor-element-1b94725 elementor-widget__width-initial elementor-widget-tablet__width-initial elementor-widget-mobile__width-inherit animated-slow elementor-invisible elementor-widget elementor-widget-text-editor\" data-id=\"1b94725\" data-element_type=\"widget\" data-e-type=\"widget\" data-settings=\"{&quot;_animation&quot;:&quot;fadeInUp&quot;,&quot;_animation_delay&quot;:1000}\" data-widget_type=\"text-editor.default\">\n\t\t\t\t\t\t\t\t\t<p class=\"p1\"><span class=\"s1\">\u2714 Intervention rapide<\/span><\/p><p class=\"p1\"><span class=\"s1\">\u2714 Personnel permanent pour zones industrielles<\/span><\/p><p class=\"p1\"><span class=\"s1\">\u2714 Exp\u00e9rience en gestion courte dur\u00e9e<\/span><\/p><p class=\"p1\"><span class=\"s1\">\u2714 Accompagnement personnalis\u00e9<\/span><\/p>\t\t\t\t\t\t\t\t<\/div>\n\t\t\t\t<div class=\"elementor-element elementor-element-a3a15fd elementor-widget elementor-widget-video\" data-id=\"a3a15fd\" data-element_type=\"widget\" data-e-type=\"widget\" data-settings=\"{&quot;video_type&quot;:&quot;hosted&quot;,&quot;autoplay&quot;:&quot;yes&quot;,&quot;play_on_mobile&quot;:&quot;yes&quot;,&quot;mute&quot;:&quot;yes&quot;,&quot;loop&quot;:&quot;yes&quot;,&quot;controls&quot;:&quot;yes&quot;}\" data-widget_type=\"video.default\">\n\t\t\t\t\t\t\t<div class=\"e-hosted-video elementor-wrapper elementor-open-inline\">\n\t\t\t\t\t<video class=\"elementor-video\" src=\"http:\/\/sarahazur.fr\/wp-content\/uploads\/2026\/03\/20251204_144635_1-1.mp4\" autoplay=\"\" loop=\"\" controls=\"\" muted=\"muted\" playsinline=\"\" controlsList=\"nodownload\"><\/video>\n\t\t\t\t<\/div>\n\t\t\t\t\t\t<\/div>\n\t\t\t\t\t<\/div>\n\t\t<\/div>\n\t\t\t\t\t<\/div>\n\t\t<\/div>\n\t\t<div class=\"elementor-element elementor-element-6e19cce e-flex e-con-boxed e-con e-parent\" data-id=\"6e19cce\" data-element_type=\"container\" data-e-type=\"container\">\n\t\t\t\t\t<div class=\"e-con-inner\">\n\t\t\t\t<div class=\"elementor-element elementor-element-849983d  ui-split-animate ui-splitby-chars elementor-widget elementor-widget-heading\" data-id=\"849983d\" data-element_type=\"widget\" data-e-type=\"widget\" data-settings=\"{&quot;ui_animate_split&quot;:&quot;ui-split-animate&quot;,&quot;ui_animate_split_by&quot;:&quot;chars&quot;,&quot;ui_animate_split_style&quot;:&quot;fadeInUp&quot;}\" data-widget_type=\"heading.default\">\n\t\t\t\t\t<h2 class=\"elementor-heading-title elementor-size-default\"><h2 style=\"font-size: 42px;font-weight: 700;margin: 0\">\n  <span style=\"color: #0095D9\">R\u00e9activit\u00e9<\/span> &amp; proximit\u00e9\n<\/h2><\/h2>\t\t\t\t<\/div>\n\t\t\t\t<div class=\"elementor-element elementor-element-18013fa elementor-widget__width-initial elementor-widget-tablet__width-initial elementor-widget-mobile__width-inherit animated-slow elementor-invisible elementor-widget elementor-widget-text-editor\" data-id=\"18013fa\" data-element_type=\"widget\" data-e-type=\"widget\" data-settings=\"{&quot;_animation&quot;:&quot;fadeInUp&quot;,&quot;_animation_delay&quot;:1000}\" data-widget_type=\"text-editor.default\">\n\t\t\t\t\t\t\t\t\t<p class=\"p1\"><span class=\"s1\">Notre implantation locale nous permet d\u2019intervenir rapidement en cas d\u2019urgence ou de besoin sp\u00e9cifique.<\/span><\/p><p class=\"p1\"><span class=\"s1\">Un service fiable, structur\u00e9 et disponible.<\/span><\/p>\t\t\t\t\t\t\t\t<\/div>\n\t\t\t\t<div class=\"elementor-element elementor-element-276cd28 elementor-widget elementor-widget-google_maps\" data-id=\"276cd28\" data-element_type=\"widget\" data-e-type=\"widget\" data-widget_type=\"google_maps.default\">\n\t\t\t\t\t\t\t<div class=\"elementor-custom-embed\">\n\t\t\t<iframe loading=\"lazy\"\n\t\t\t\t\tsrc=\"https:\/\/maps.google.com\/maps?q=SarahAzur%2C%20Bd%20Christian%20Lafon%2C%2083700%20Saint-Rapha%C3%ABl%2C%20France&#038;t=m&#038;z=9&#038;output=embed&#038;iwloc=near\"\n\t\t\t\t\ttitle=\"SarahAzur, Bd Christian Lafon, 83700 Saint-Rapha\u00ebl, France\"\n\t\t\t\t\taria-label=\"SarahAzur, Bd Christian Lafon, 83700 Saint-Rapha\u00ebl, France\"\n\t\t\t><\/iframe>\n\t\t<\/div>\n\t\t\t\t\t\t<\/div>\n\t\t\t\t\t<\/div>\n\t\t\t\t<\/div>\n\t\t\t\t<\/div>\n\t\t","protected":false},"excerpt":{"rendered":"<p>Facebook Votre immeuble , notre priorit\u00e9 Chez SarahAzur, nous accompagnons les professionnels, propri\u00e9taires et gestionnaires dans l\u2019entretien et la gestion compl\u00e8te de [&hellip;]<\/p>\n","protected":false},"author":1,"featured_media":0,"parent":0,"menu_order":0,"comment_status":"closed","ping_status":"closed","template":"","meta":{"footnotes":""},"class_list":["post-30","page","type-page","status-publish","hentry"],"_links":{"self":[{"href":"https:\/\/sarahazur.fr\/index.php\/wp-json\/wp\/v2\/pages\/30","targetHints":{"allow":["GET"]}}],"collection":[{"href":"https:\/\/sarahazur.fr\/index.php\/wp-json\/wp\/v2\/pages"}],"about":[{"href":"https:\/\/sarahazur.fr\/index.php\/wp-json\/wp\/v2\/types\/page"}],"author":[{"embeddable":true,"href":"https:\/\/sarahazur.fr\/index.php\/wp-json\/wp\/v2\/users\/1"}],"replies":[{"embeddable":true,"href":"https:\/\/sarahazur.fr\/index.php\/wp-json\/wp\/v2\/comments?post=30"}],"version-history":[{"count":157,"href":"https:\/\/sarahazur.fr\/index.php\/wp-json\/wp\/v2\/pages\/30\/revisions"}],"predecessor-version":[{"id":864,"href":"https:\/\/sarahazur.fr\/index.php\/wp-json\/wp\/v2\/pages\/30\/revisions\/864"}],"wp:attachment":[{"href":"https:\/\/sarahazur.fr\/index.php\/wp-json\/wp\/v2\/media?parent=30"}],"curies":[{"name":"wp","href":"https:\/\/api.w.org\/{rel}","templated":true}]}}